{"id":668,"date":"2022-04-08T15:51:18","date_gmt":"2022-04-08T13:51:18","guid":{"rendered":"http:\/\/www.gioiaguesthouse.it\/faq\/"},"modified":"2022-05-05T16:37:12","modified_gmt":"2022-05-05T14:37:12","slug":"faq","status":"publish","type":"page","link":"https:\/\/www.gioiaguesthouse.it\/fr\/faq\/","title":{"rendered":"Faq"},"content":{"rendered":"\n<h2 class=\"has-text-align-center wp-block-heading\">Faq<\/h2>\n\n\n\n<p>Le terme FAQ est un acronyme et d\u00e9rive de \u00abFrequently Asked Question\u00bb, qui en Fran\u00e7ais signifie \u00abFoires aux questions\u00bb.<\/p>\n\n\n\n<p>Gioia Guesthouse a choisi d&rsquo;offrir \u00e0 ses clients une r\u00e9colte de questions plus fr\u00e9quemment pos\u00e9es au sujet des services offerts et des modalit\u00e9 de r\u00e9servation.<\/p>\n\n\n\n<h3 class=\"has-text-align-center wp-block-heading\">Nos services<\/h3>\n\n\n<div  class=\"ewd-ufaq-faq-list ewd-ufaq-page-type-distinct\" id='ewd-ufaq-faq-list'>\n\n\t<input type='hidden' name='show_on_load' value='' id='ewd-ufaq-show-on-load' \/>\n<input type='hidden' name='include_category' value='I nostri servizi' id='ewd-ufaq-include-category' \/>\n<input type='hidden' name='exclude_category' value='' id='ewd-ufaq-exclude-category' \/>\n<input type='hidden' name='orderby' value='title' id='ewd-ufaq-orderby' \/>\n<input type='hidden' name='order' value='asc' id='ewd-ufaq-order' \/>\n<input type='hidden' name='post_count' value='-1' id='ewd-ufaq-post-count' \/>\n<input type='hidden' name='current_url' value='\/fr\/wp-json\/wp\/v2\/pages\/668' id='ewd-ufaq-current-url' \/>\n\t\n\t\n\t<div class='ewd-ufaq-faqs'>\n\n\t\t<div  class=\"ewd-ufaq-faq-div ewd-ufaq-faq-column-count-one ewd-ufaq-faq-responsive-columns- ewd-ufaq-faq-display-style-default ewd-ufaq-can-be-toggled\" id='ewd-ufaq-post-859-j26DOa3G9F' data-post_id='859'>\n\n\t<div class='ewd-ufaq-faq-title ewd-ufaq-faq-toggle'>\n\t\n\t<a class='ewd-ufaq-post-margin'  href='#' role=\"button\">\n\n\t\t<div class='ewd-ufaq-post-margin-symbol ewd-ufaq-'>\n\t\t\t<span >a<\/span>\n\t\t<\/div>\n\n\t\t<div class='ewd-ufaq-faq-title-text'>\n\n\t\t\t<h4>\n\t\t\t\tO\u00f9 est situ\u00e9 votre structure ?\t\t\t<\/h4>\n\n\t\t<\/div>\n\n\t\t<div class='ewd-ufaq-clear'><\/div>\n\n\t<\/a>\n\t\n<\/div>\n\t\n\t<div class='ewd-ufaq-faq-body ewd-ufaq-hidden' >\n\n\t\t\n\t\t\t<div class='ewd-ufaq-faq-categories'>\n\t\n\tCategory:\n\t\n\t\t<a href=\"https:\/\/www.gioiaguesthouse.it\/fr\/ufaq\/quali-sono-i-vostri-servizi\/?include_category=i-nostri-servizi\">I nostri servizi<\/a>\n\t\n<\/div>\n\t\t\n\t\t\t<div class='ewd-ufaq-post-margin ewd-ufaq-faq-post'>\n\t\n<p>Notre chambre d&rsquo;h\u00f4tes est situ\u00e9e dans la Via Salvator Anjelo de Castro 6 \/ Cabras (OR). Pour savoir comment arriver et visualiser la carte, visite la page <a href=\"https:\/\/www.gioiaguesthouse.it\/fr\/ou-sommes-nous\/\" data-type=\"page\" data-id=\"204\">O\u00f9 sommes nous<\/a><\/p>\n<\/div>\n\t\t\n\t\t\t\n\t\t\n\t\t\t\n\t\t\n\t\t\t\n\t\t\n\t\t\t\n\t\t\n\t\t\t\n\t\t\n\t\t\t\n\t\t\n\t\t\t\n\t\t\n\t\t\t\n\t\t\n\t<\/div>\n\n<\/div><div  class=\"ewd-ufaq-faq-div ewd-ufaq-faq-column-count-one ewd-ufaq-faq-responsive-columns- ewd-ufaq-faq-display-style-default ewd-ufaq-can-be-toggled\" id='ewd-ufaq-post-867-AjknOxDToO' data-post_id='867'>\n\n\t<div class='ewd-ufaq-faq-title ewd-ufaq-faq-toggle'>\n\t\n\t<a class='ewd-ufaq-post-margin'  href='#' role=\"button\">\n\n\t\t<div class='ewd-ufaq-post-margin-symbol ewd-ufaq-'>\n\t\t\t<span >a<\/span>\n\t\t<\/div>\n\n\t\t<div class='ewd-ufaq-faq-title-text'>\n\n\t\t\t<h4>\n\t\t\t\tPeut-on utiliser vos v\u00e9los?\t\t\t<\/h4>\n\n\t\t<\/div>\n\n\t\t<div class='ewd-ufaq-clear'><\/div>\n\n\t<\/a>\n\t\n<\/div>\n\t\n\t<div class='ewd-ufaq-faq-body ewd-ufaq-hidden' >\n\n\t\t\n\t\t\t<div class='ewd-ufaq-faq-categories'>\n\t\n\tCategory:\n\t\n\t\t<a href=\"https:\/\/www.gioiaguesthouse.it\/fr\/ufaq\/quali-sono-i-vostri-servizi\/?include_category=i-nostri-servizi\">I nostri servizi<\/a>\n\t\n<\/div>\n\t\t\n\t\t\t<div class='ewd-ufaq-post-margin ewd-ufaq-faq-post'>\n\t\n<p>Oui, nos v\u00e9los sont disponibles \u00e0 tous nos h\u00f4tes, mais nous vous demandons une caution de 50 \u20ac qui vous sera restituer lorsque vous quittez notre \u00e9tablissement.<\/p>\n<\/div>\n\t\t\n\t\t\t\n\t\t\n\t\t\t\n\t\t\n\t\t\t\n\t\t\n\t\t\t\n\t\t\n\t\t\t\n\t\t\n\t\t\t\n\t\t\n\t\t\t\n\t\t\n\t\t\t\n\t\t\n\t<\/div>\n\n<\/div><div  class=\"ewd-ufaq-faq-div ewd-ufaq-faq-column-count-one ewd-ufaq-faq-responsive-columns- ewd-ufaq-faq-display-style-default ewd-ufaq-can-be-toggled\" id='ewd-ufaq-post-863-nVeduyq7eL' data-post_id='863'>\n\n\t<div class='ewd-ufaq-faq-title ewd-ufaq-faq-toggle'>\n\t\n\t<a class='ewd-ufaq-post-margin'  href='#' role=\"button\">\n\n\t\t<div class='ewd-ufaq-post-margin-symbol ewd-ufaq-'>\n\t\t\t<span >a<\/span>\n\t\t<\/div>\n\n\t\t<div class='ewd-ufaq-faq-title-text'>\n\n\t\t\t<h4>\n\t\t\t\tQuels sont les horaires pr\u00e9vus pour le check-in?\t\t\t<\/h4>\n\n\t\t<\/div>\n\n\t\t<div class='ewd-ufaq-clear'><\/div>\n\n\t<\/a>\n\t\n<\/div>\n\t\n\t<div class='ewd-ufaq-faq-body ewd-ufaq-hidden' >\n\n\t\t\n\t\t\t<div class='ewd-ufaq-faq-categories'>\n\t\n\tCategory:\n\t\n\t\t<a href=\"https:\/\/www.gioiaguesthouse.it\/fr\/ufaq\/quali-sono-i-vostri-servizi\/?include_category=i-nostri-servizi\">I nostri servizi<\/a>\n\t\n<\/div>\n\t\t\n\t\t\t<div class='ewd-ufaq-post-margin ewd-ufaq-faq-post'>\n\t\n<p>Le Check-in est pr\u00e9vu de 11.00 \u00e0 13.00 ou de 16:00 \u00e0 18:00.<\/p>\n<\/div>\n\t\t\n\t\t\t\n\t\t\n\t\t\t\n\t\t\n\t\t\t\n\t\t\n\t\t\t\n\t\t\n\t\t\t\n\t\t\n\t\t\t\n\t\t\n\t\t\t\n\t\t\n\t\t\t\n\t\t\n\t<\/div>\n\n<\/div><div  class=\"ewd-ufaq-faq-div ewd-ufaq-faq-column-count-one ewd-ufaq-faq-responsive-columns- ewd-ufaq-faq-display-style-default ewd-ufaq-can-be-toggled\" id='ewd-ufaq-post-865-B75IWlCTi5' data-post_id='865'>\n\n\t<div class='ewd-ufaq-faq-title ewd-ufaq-faq-toggle'>\n\t\n\t<a class='ewd-ufaq-post-margin'  href='#' role=\"button\">\n\n\t\t<div class='ewd-ufaq-post-margin-symbol ewd-ufaq-'>\n\t\t\t<span >a<\/span>\n\t\t<\/div>\n\n\t\t<div class='ewd-ufaq-faq-title-text'>\n\n\t\t\t<h4>\n\t\t\t\tQuels sont les horaires pr\u00e9vus pour le check-out?\t\t\t<\/h4>\n\n\t\t<\/div>\n\n\t\t<div class='ewd-ufaq-clear'><\/div>\n\n\t<\/a>\n\t\n<\/div>\n\t\n\t<div class='ewd-ufaq-faq-body ewd-ufaq-hidden' >\n\n\t\t\n\t\t\t<div class='ewd-ufaq-faq-categories'>\n\t\n\tCategory:\n\t\n\t\t<a href=\"https:\/\/www.gioiaguesthouse.it\/fr\/ufaq\/quali-sono-i-vostri-servizi\/?include_category=i-nostri-servizi\">I nostri servizi<\/a>\n\t\n<\/div>\n\t\t\n\t\t\t<div class='ewd-ufaq-post-margin ewd-ufaq-faq-post'>\n\t\n<p>Il Check-out est pr\u00e9vu avant 10.00.<\/p>\n<\/div>\n\t\t\n\t\t\t\n\t\t\n\t\t\t\n\t\t\n\t\t\t\n\t\t\n\t\t\t\n\t\t\n\t\t\t\n\t\t\n\t\t\t\n\t\t\n\t\t\t\n\t\t\n\t\t\t\n\t\t\n\t<\/div>\n\n<\/div><div  class=\"ewd-ufaq-faq-div ewd-ufaq-faq-column-count-one ewd-ufaq-faq-responsive-columns- ewd-ufaq-faq-display-style-default ewd-ufaq-can-be-toggled\" id='ewd-ufaq-post-861-fYrCdYnSJs' data-post_id='861'>\n\n\t<div class='ewd-ufaq-faq-title ewd-ufaq-faq-toggle'>\n\t\n\t<a class='ewd-ufaq-post-margin'  href='#' role=\"button\">\n\n\t\t<div class='ewd-ufaq-post-margin-symbol ewd-ufaq-'>\n\t\t\t<span >a<\/span>\n\t\t<\/div>\n\n\t\t<div class='ewd-ufaq-faq-title-text'>\n\n\t\t\t<h4>\n\t\t\t\tQuels sont vos services?\t\t\t<\/h4>\n\n\t\t<\/div>\n\n\t\t<div class='ewd-ufaq-clear'><\/div>\n\n\t<\/a>\n\t\n<\/div>\n\t\n\t<div class='ewd-ufaq-faq-body ewd-ufaq-hidden' >\n\n\t\t\n\t\t\t<div class='ewd-ufaq-faq-categories'>\n\t\n\tCategory:\n\t\n\t\t<a href=\"https:\/\/www.gioiaguesthouse.it\/fr\/ufaq\/quali-sono-i-vostri-servizi\/?include_category=i-nostri-servizi\">I nostri servizi<\/a>\n\t\n<\/div>\n\t\t\n\t\t\t<div class='ewd-ufaq-post-margin ewd-ufaq-faq-post'>\n\t\n<p>Nos services sont :<\/p>\n\n<ul class=\"wp-block-list\"><li>Disponibilit\u00e9 gratuite du linge de maison \u00e0 l\u2019arriv\u00e9e avec change tous les trois jours, ainsi qu\u2019un set de bain.<\/li><li>Salle petit d\u00e9jeuner au rez-de-chauss\u00e9e et dans le jardin.<\/li><li>Petit d\u00e9jeuner self service \u00e0 buffet.<\/li><li>Nettoyage quotidien.<\/li><li>Possibilit\u00e9 de louer des v\u00e9los avec une caution de 50\u20ac.<\/li><li>Abris interne pour le stationnement des petits v\u00e9hicules \u00e0 moteur.<\/li><li>Climatisateur r\u00e9versible chaud\/froid dans chaque chambre.<\/li><li>S\u00e8che-cheveux dans chaque chambre.<\/li><li>Wifi dans toute la structure.<\/li><\/ul><\/div>\n\t\t\n\t\t\t\n\t\t\n\t\t\t\n\t\t\n\t\t\t\n\t\t\n\t\t\t\n\t\t\n\t\t\t\n\t\t\n\t\t\t\n\t\t\n\t\t\t\n\t\t\n\t\t\t\n\t\t\n\t<\/div>\n\n<\/div>\n\t<\/div>\n\n\t\n<\/div>\n\n\n<h3 class=\"has-text-align-center wp-block-heading\">Syst\u00e8me de r\u00e9servation<\/h3>\n\n\n<div  class=\"ewd-ufaq-faq-list ewd-ufaq-page-type-distinct\" id='ewd-ufaq-faq-list'>\n\n\t<input type='hidden' name='show_on_load' value='' id='ewd-ufaq-show-on-load' \/>\n<input type='hidden' name='include_category' value='Sistema di prenotazione' id='ewd-ufaq-include-category' \/>\n<input type='hidden' name='exclude_category' value='' id='ewd-ufaq-exclude-category' \/>\n<input type='hidden' name='orderby' value='title' id='ewd-ufaq-orderby' \/>\n<input type='hidden' name='order' value='asc' id='ewd-ufaq-order' \/>\n<input type='hidden' name='post_count' value='-1' id='ewd-ufaq-post-count' \/>\n<input type='hidden' name='current_url' value='\/fr\/wp-json\/wp\/v2\/pages\/668' id='ewd-ufaq-current-url' \/>\n\t\n\t\n\t<div class='ewd-ufaq-faqs'>\n\n\t\t<div  class=\"ewd-ufaq-faq-div ewd-ufaq-faq-column-count-one ewd-ufaq-faq-responsive-columns- ewd-ufaq-faq-display-style-default ewd-ufaq-can-be-toggled\" id='ewd-ufaq-post-869-qc3fSar763' data-post_id='869'>\n\n\t<div class='ewd-ufaq-faq-title ewd-ufaq-faq-toggle'>\n\t\n\t<a class='ewd-ufaq-post-margin'  href='#' role=\"button\">\n\n\t\t<div class='ewd-ufaq-post-margin-symbol ewd-ufaq-'>\n\t\t\t<span >A<\/span>\n\t\t<\/div>\n\n\t\t<div class='ewd-ufaq-faq-title-text'>\n\n\t\t\t<h4>\n\t\t\t\tJe peux r\u00e9server directement \u00e0 partir de votre site?\t\t\t<\/h4>\n\n\t\t<\/div>\n\n\t\t<div class='ewd-ufaq-clear'><\/div>\n\n\t<\/a>\n\t\n<\/div>\n\t\n\t<div class='ewd-ufaq-faq-body ' >\n\n\t\t\n\t\t\t<div class='ewd-ufaq-faq-categories'>\n\t\n\tCategory:\n\t\n\t\t<a href=\"https:\/\/www.gioiaguesthouse.it\/fr\/ufaq\/posso-prenotare-direttamente-dal-vostro-sito\/?include_category=sistema-di-prenotazione\">Sistema di prenotazione<\/a>\n\t\n<\/div>\n\t\t\n\t\t\t<div class='ewd-ufaq-post-margin ewd-ufaq-faq-post'>\n\t\n<p>Pas pour le moment, mais nous allons bient\u00f4t activer ce service. En attendant, vous pouvez envoyer un E-mail \u00e0 info@gioiaguesthouse.it, nous vous contacterons d\u00e8s que possible. <\/p>\n<\/div>\n\t\t\n\t\t\t\n\t\t\n\t\t\t\n\t\t\n\t\t\t\n\t\t\n\t\t\t\n\t\t\n\t\t\t\n\t\t\n\t\t\t\n\t\t\n\t\t\t\n\t\t\n\t\t\t\n\t\t\n\t<\/div>\n\n<\/div>\n\t<\/div>\n\n\t\n<\/div>\n\n\n<p><\/p>\n","protected":false},"excerpt":{"rendered":"<p>Faq Le terme FAQ est un acronyme et d\u00e9rive de \u00abFrequently Asked Question\u00bb, qui en Fran\u00e7ais signifie \u00abFoires aux questions\u00bb. Gioia Guesthouse a choisi d&rsquo;offrir \u00e0 ses clients une r\u00e9colte &#8230;<\/p>\n","protected":false},"author":6,"featured_media":0,"parent":0,"menu_order":0,"comment_status":"closed","ping_status":"closed","template":"","meta":{"footnotes":""},"class_list":["post-668","page","type-page","status-publish","hentry"],"_links":{"self":[{"href":"https:\/\/www.gioiaguesthouse.it\/fr\/wp-json\/wp\/v2\/pages\/668","targetHints":{"allow":["GET"]}}],"collection":[{"href":"https:\/\/www.gioiaguesthouse.it\/fr\/wp-json\/wp\/v2\/pages"}],"about":[{"href":"https:\/\/www.gioiaguesthouse.it\/fr\/wp-json\/wp\/v2\/types\/page"}],"author":[{"embeddable":true,"href":"https:\/\/www.gioiaguesthouse.it\/fr\/wp-json\/wp\/v2\/users\/6"}],"replies":[{"embeddable":true,"href":"https:\/\/www.gioiaguesthouse.it\/fr\/wp-json\/wp\/v2\/comments?post=668"}],"version-history":[{"count":2,"href":"https:\/\/www.gioiaguesthouse.it\/fr\/wp-json\/wp\/v2\/pages\/668\/revisions"}],"predecessor-version":[{"id":910,"href":"https:\/\/www.gioiaguesthouse.it\/fr\/wp-json\/wp\/v2\/pages\/668\/revisions\/910"}],"wp:attachment":[{"href":"https:\/\/www.gioiaguesthouse.it\/fr\/wp-json\/wp\/v2\/media?parent=668"}],"curies":[{"name":"wp","href":"https:\/\/api.w.org\/{rel}","templated":true}]}}