{"id":680,"date":"2022-04-08T15:06:47","date_gmt":"2022-04-08T13:06:47","guid":{"rendered":"http:\/\/www.gioiaguesthouse.it\/maimoni\/"},"modified":"2022-05-05T16:38:09","modified_gmt":"2022-05-05T14:38:09","slug":"maimoni","status":"publish","type":"page","link":"https:\/\/www.gioiaguesthouse.it\/fr\/maimoni\/","title":{"rendered":"Maimoni"},"content":{"rendered":"\n<h2 class=\"has-text-align-center wp-block-heading\">Maimoni<\/h2>\n\n\n\n<figure class=\"wp-block-image size-full is-resized\"><img loading=\"lazy\" decoding=\"async\" src=\"http:\/\/www.gioiaguesthouse.it\/wp-content\/uploads\/2022\/04\/16_maimoni.jpg\" alt=\"\" class=\"wp-image-33\" width=\"840\" height=\"252\" srcset=\"https:\/\/www.gioiaguesthouse.it\/wp-content\/uploads\/2022\/04\/16_maimoni.jpg 2000w, https:\/\/www.gioiaguesthouse.it\/wp-content\/uploads\/2022\/04\/16_maimoni-1024x307.jpg 1024w, https:\/\/www.gioiaguesthouse.it\/wp-content\/uploads\/2022\/04\/16_maimoni-768x230.jpg 768w, https:\/\/www.gioiaguesthouse.it\/wp-content\/uploads\/2022\/04\/16_maimoni-1536x461.jpg 1536w\" sizes=\"auto, (max-width: 840px) 100vw, 840px\" \/><\/figure>\n\n\n\n<p>14 km<\/p>\n\n\n\n<p>La plage de Maimoni, comme sa plage voisine d\u2019Is Arutas, a comme singularit\u00e9, un sable tr\u00e8s clair, compos\u00e9 de petits cailloux de quartz blanc et rose, avec ces nombreuses nuances qui l\u2019embellissent et qui la rend unique. Il faut se rappeler, cependant, qu&rsquo;il est absolument interdit d&#8217;emporter les grains de quartz. L&rsquo;origine du nom est li\u00e9 au dieu de l&rsquo;eau, Maimone, pr\u00e9cis\u00e9ment, dont le culte est \u00e9galement li\u00e9 \u00e0 l\u2019\u00e9glise de San Salvatore, \u00e9difi\u00e9 au XVIIe si\u00e8cle sur les restes d\u2019une hypog\u00e9. Proche de la plage, se trouve \u00e9galement le village de San Salvatore, longtemps utilis\u00e9 dans les ann\u00e9es soixante et soixante-dix comme un d\u00e9cor de cin\u00e9ma de l&rsquo;\u00e9quipe cin\u00e9matographique de \u00ab Cinecitt\u00e0 \u00bb pour le tournage des westerns. La longueur de la plage et la graduelle profondit\u00e9 du fond marin rendent la plage de \u00abMaimoni accessible pour les enfants et tr\u00e8s appropri\u00e9 pour tout type de passe-temps: attention cependant \u00e0 la mer qui est souvent agit\u00e9 formant de hautes vagues et pouvant devenir un danger pour les petits.    <\/p>\n\n\n\n<h5 class=\"has-text-align-right wp-block-heading\"><a href=\"https:\/\/www.gioiaguesthouse.it\/fr\/dans-les-alentours\/\" data-type=\"page\" data-id=\"254\">Dans les alentours<\/a> &gt;<\/h5>\n","protected":false},"excerpt":{"rendered":"<p>Maimoni 14 km La plage de Maimoni, comme sa plage voisine d\u2019Is Arutas, a comme singularit\u00e9, un sable tr\u00e8s clair, compos\u00e9 de petits cailloux de quartz blanc et rose, avec &#8230;<\/p>\n","protected":false},"author":6,"featured_media":0,"parent":0,"menu_order":0,"comment_status":"closed","ping_status":"closed","template":"","meta":{"footnotes":""},"class_list":["post-680","page","type-page","status-publish","hentry"],"_links":{"self":[{"href":"https:\/\/www.gioiaguesthouse.it\/fr\/wp-json\/wp\/v2\/pages\/680","targetHints":{"allow":["GET"]}}],"collection":[{"href":"https:\/\/www.gioiaguesthouse.it\/fr\/wp-json\/wp\/v2\/pages"}],"about":[{"href":"https:\/\/www.gioiaguesthouse.it\/fr\/wp-json\/wp\/v2\/types\/page"}],"author":[{"embeddable":true,"href":"https:\/\/www.gioiaguesthouse.it\/fr\/wp-json\/wp\/v2\/users\/6"}],"replies":[{"embeddable":true,"href":"https:\/\/www.gioiaguesthouse.it\/fr\/wp-json\/wp\/v2\/comments?post=680"}],"version-history":[{"count":4,"href":"https:\/\/www.gioiaguesthouse.it\/fr\/wp-json\/wp\/v2\/pages\/680\/revisions"}],"predecessor-version":[{"id":926,"href":"https:\/\/www.gioiaguesthouse.it\/fr\/wp-json\/wp\/v2\/pages\/680\/revisions\/926"}],"wp:attachment":[{"href":"https:\/\/www.gioiaguesthouse.it\/fr\/wp-json\/wp\/v2\/media?parent=680"}],"curies":[{"name":"wp","href":"https:\/\/api.w.org\/{rel}","templated":true}]}}