{"id":686,"date":"2022-04-08T15:06:00","date_gmt":"2022-04-08T13:06:00","guid":{"rendered":"http:\/\/www.gioiaguesthouse.it\/mari-ermi\/"},"modified":"2022-05-05T16:38:40","modified_gmt":"2022-05-05T14:38:40","slug":"mari-ermi","status":"publish","type":"page","link":"https:\/\/www.gioiaguesthouse.it\/fr\/mari-ermi\/","title":{"rendered":"Mari Ermi"},"content":{"rendered":"\n<h2 class=\"has-text-align-center wp-block-heading\">Mari Ermi<\/h2>\n\n\n\n<figure class=\"wp-block-image size-full\"><img loading=\"lazy\" decoding=\"async\" width=\"2000\" height=\"600\" src=\"http:\/\/www.gioiaguesthouse.it\/wp-content\/uploads\/2022\/04\/18_mariermi.jpg\" alt=\"\" class=\"wp-image-34\" srcset=\"https:\/\/www.gioiaguesthouse.it\/wp-content\/uploads\/2022\/04\/18_mariermi.jpg 2000w, https:\/\/www.gioiaguesthouse.it\/wp-content\/uploads\/2022\/04\/18_mariermi-1024x307.jpg 1024w, https:\/\/www.gioiaguesthouse.it\/wp-content\/uploads\/2022\/04\/18_mariermi-768x230.jpg 768w, https:\/\/www.gioiaguesthouse.it\/wp-content\/uploads\/2022\/04\/18_mariermi-1536x461.jpg 1536w\" sizes=\"auto, (max-width: 2000px) 100vw, 2000px\" \/><\/figure>\n\n\n\n<p>14 km<\/p>\n\n\n\n<p>Mari Ermi offre aux touristes une longue plage avec un fond de quartz blanc lumineux, avec des \u00e9tendues de sable ocre tr\u00e8s fin. La plage est entour\u00e9e par de hautes dunes e d\u2019une v\u00e9g\u00e9tation basse, poussant au ras du sol. Il s\u2019\u00e9tend entre la mer et l&rsquo;\u00e9tang qui porte son nom. Sa forme est similaire \u00e0 celle de la r\u00e9put\u00e9 plage d\u2019Is Arutas, mais pr\u00e9sente une plus grande vari\u00e9t\u00e9 de couleur chromatique, parmi le bleu turquoise de sa mer limpide et son sable tout blanc, altern\u00e9 d\u2019un ocre dor\u00e9.  <\/p>\n\n\n\n<h5 class=\"has-text-align-right wp-block-heading\"><a href=\"https:\/\/www.gioiaguesthouse.it\/fr\/dans-les-alentours\/\" data-type=\"page\" data-id=\"254\">Dans les alentours<\/a> &gt;<\/h5>\n","protected":false},"excerpt":{"rendered":"<p>Mari Ermi 14 km Mari Ermi offre aux touristes une longue plage avec un fond de quartz blanc lumineux, avec des \u00e9tendues de sable ocre tr\u00e8s fin. La plage est &#8230;<\/p>\n","protected":false},"author":6,"featured_media":0,"parent":0,"menu_order":0,"comment_status":"closed","ping_status":"closed","template":"","meta":{"footnotes":""},"class_list":["post-686","page","type-page","status-publish","hentry"],"_links":{"self":[{"href":"https:\/\/www.gioiaguesthouse.it\/fr\/wp-json\/wp\/v2\/pages\/686","targetHints":{"allow":["GET"]}}],"collection":[{"href":"https:\/\/www.gioiaguesthouse.it\/fr\/wp-json\/wp\/v2\/pages"}],"about":[{"href":"https:\/\/www.gioiaguesthouse.it\/fr\/wp-json\/wp\/v2\/types\/page"}],"author":[{"embeddable":true,"href":"https:\/\/www.gioiaguesthouse.it\/fr\/wp-json\/wp\/v2\/users\/6"}],"replies":[{"embeddable":true,"href":"https:\/\/www.gioiaguesthouse.it\/fr\/wp-json\/wp\/v2\/comments?post=686"}],"version-history":[{"count":7,"href":"https:\/\/www.gioiaguesthouse.it\/fr\/wp-json\/wp\/v2\/pages\/686\/revisions"}],"predecessor-version":[{"id":936,"href":"https:\/\/www.gioiaguesthouse.it\/fr\/wp-json\/wp\/v2\/pages\/686\/revisions\/936"}],"wp:attachment":[{"href":"https:\/\/www.gioiaguesthouse.it\/fr\/wp-json\/wp\/v2\/media?parent=686"}],"curies":[{"name":"wp","href":"https:\/\/api.w.org\/{rel}","templated":true}]}}