{"id":721,"date":"2022-04-08T15:04:08","date_gmt":"2022-04-08T13:04:08","guid":{"rendered":"http:\/\/www.gioiaguesthouse.it\/tharros\/"},"modified":"2022-04-29T10:02:13","modified_gmt":"2022-04-29T08:02:13","slug":"tharros","status":"publish","type":"page","link":"https:\/\/www.gioiaguesthouse.it\/fr\/tharros\/","title":{"rendered":"Tharros"},"content":{"rendered":"\n<h2 class=\"has-text-align-center wp-block-heading\">Tharros<\/h2>\n\n<figure class=\"wp-block-image size-full\"><img loading=\"lazy\" decoding=\"async\" width=\"2000\" height=\"600\" src=\"http:\/\/www.gioiaguesthouse.it\/wp-content\/uploads\/2022\/04\/10_tharros.jpg\" alt=\"\" class=\"wp-image-31\" srcset=\"https:\/\/www.gioiaguesthouse.it\/wp-content\/uploads\/2022\/04\/10_tharros.jpg 2000w, https:\/\/www.gioiaguesthouse.it\/wp-content\/uploads\/2022\/04\/10_tharros-1024x307.jpg 1024w, https:\/\/www.gioiaguesthouse.it\/wp-content\/uploads\/2022\/04\/10_tharros-768x230.jpg 768w, https:\/\/www.gioiaguesthouse.it\/wp-content\/uploads\/2022\/04\/10_tharros-1536x461.jpg 1536w\" sizes=\"auto, (max-width: 2000px) 100vw, 2000px\" \/><\/figure>\n<p>10 km<\/p>\n\n<p>Un cadre naturel d&rsquo;une beaut\u00e9 extraordinaire, une zone arch\u00e9ologique fascinant au c\u0153ur de la p\u00e9ninsule du Sinis, surplombant la mer: c\u2019est l&rsquo;antique ville de Tharros, \u00e0 San Giovanni di Sinis, situ\u00e9 proche de Cabras (Oristano). Un des sites parmi les plus importants de la M\u00e9diterran\u00e9e, qui fascine les visiteurs et les chercheurs, car il offre continuellement nouvelles id\u00e9es d\u2019analyses et de reconstructions. <\/p>\n\n<p>Parcourant les routes \u00e0 travers les ruines de cette ville ph\u00e9nicienne-punique avant (VIII sec. J.-C.), se trouvent essentiellement des t\u00e9moignages li\u00e9s \u00e0 l\u2019aspect fun\u00e9raire et votifs : deux n\u00e9cropoles et un Tophet, le sanctuaire typique ph\u00e9nicienne-punique. La plupart des vestiges appartiennent plut\u00f4t \u00e0 la domination romaine, comme le therme (y compris un apodyterium, un vaste frigidarium, un tepidarium et trois calidarium), le aquae castellum (un r\u00e9servoir de distribution d&rsquo;aqueduc de la ville) et le cardo maximus , (l&rsquo;ancienne voie romaine en pav\u00e9e qui \u00e9tait la plus grande rue de la ville), caract\u00e9ris\u00e9 par la canalisation des eaux us\u00e9es encore en excellent \u00e9tat. <\/p>\n\n<p>La ville a \u00e9t\u00e9 habit\u00e9e jusqu&rsquo;au milieu du XIe si\u00e8cle apr\u00e8s J\u00e9sus-Christ, quand, \u00e9tant trop expos\u00e9e aux attaques des Sarrasins, f \u00fb t abandonn\u00e9e au profit d\u2019Aristiane, l\u2019actuelle ville d\u2019Oristano.<\/p>\n\n<h5 class=\"has-text-align-right wp-block-heading\"><a href=\"http:\/\/nelle\">Dans les alentours<\/a>&gt;<\/h5>\n","protected":false},"excerpt":{"rendered":"<p>Tharros 10 km Un cadre naturel d&rsquo;une beaut\u00e9 extraordinaire, une zone arch\u00e9ologique fascinant au c\u0153ur de la p\u00e9ninsule du Sinis, surplombant la mer: c\u2019est l&rsquo;antique ville de Tharros, \u00e0 San &#8230;<\/p>\n","protected":false},"author":6,"featured_media":0,"parent":0,"menu_order":0,"comment_status":"closed","ping_status":"closed","template":"","meta":{"footnotes":""},"class_list":["post-721","page","type-page","status-publish","hentry"],"_links":{"self":[{"href":"https:\/\/www.gioiaguesthouse.it\/fr\/wp-json\/wp\/v2\/pages\/721","targetHints":{"allow":["GET"]}}],"collection":[{"href":"https:\/\/www.gioiaguesthouse.it\/fr\/wp-json\/wp\/v2\/pages"}],"about":[{"href":"https:\/\/www.gioiaguesthouse.it\/fr\/wp-json\/wp\/v2\/types\/page"}],"author":[{"embeddable":true,"href":"https:\/\/www.gioiaguesthouse.it\/fr\/wp-json\/wp\/v2\/users\/6"}],"replies":[{"embeddable":true,"href":"https:\/\/www.gioiaguesthouse.it\/fr\/wp-json\/wp\/v2\/comments?post=721"}],"version-history":[{"count":2,"href":"https:\/\/www.gioiaguesthouse.it\/fr\/wp-json\/wp\/v2\/pages\/721\/revisions"}],"predecessor-version":[{"id":730,"href":"https:\/\/www.gioiaguesthouse.it\/fr\/wp-json\/wp\/v2\/pages\/721\/revisions\/730"}],"wp:attachment":[{"href":"https:\/\/www.gioiaguesthouse.it\/fr\/wp-json\/wp\/v2\/media?parent=721"}],"curies":[{"name":"wp","href":"https:\/\/api.w.org\/{rel}","templated":true}]}}